{"id":285,"date":"2021-08-26T09:27:24","date_gmt":"2021-08-26T09:27:24","guid":{"rendered":"http:\/\/metieravenir.co\/fr\/?page_id=285"},"modified":"2022-10-18T06:56:31","modified_gmt":"2022-10-18T06:56:31","slug":"dossier-de-candidature-pour-entretien-dembauche","status":"publish","type":"page","link":"https:\/\/metieravenir.co\/fr\/dossier-de-candidature-pour-entretien-dembauche\/","title":{"rendered":"Dossier de Candidature pour Entretien d\u2019Embauche"},"content":{"rendered":"\n<h4 class=\"has-text-align-left has-colibri-color-6-color has-text-color wp-block-heading\"><strong>Qu\u2019est-ce que le service &nbsp;<em>Dossier de Candidature pour Entretien d\u2019Embauche&nbsp;?<\/em><\/strong><\/h4>\n\n\n\n<pre class=\"wp-block-verse has-text-align-left has-normal-font-size\">Le dossier de candidature est l\u2019ensemble des documents que devrait pr\u00e9senter tout candidat d\u00e9sirant int\u00e9grer un nouvel \u00e9tablissement acad\u00e9mique ou professionnel. \nSes deux composantes cl\u00e9s sont le CV et la lettre de motivation. Ces deux derniers devraient recevoir un soin particulier afin de capter l\u2019attention du destinataire et augmenter les chances d\u2019\u00eatre s\u00e9lectionn\u00e9. \n\nLe service<em> <strong>Dossier de Candidature pour Entretien d\u2019Embauche<\/strong><\/em> consiste en la r\u00e9daction et la correction de CV et de lettres de motivation. Il a pour objectif d\u2019aider le candidat \u00e0 se d\u00e9marquer  en l\u2019aidant \u00e0 pr\u00e9senter des documents de qualit\u00e9 et \u00e0 bien pr\u00e9parer son entretien d\u2019embauche. <\/pre>\n\n\n\n<hr class=\"wp-block-separator has-css-opacity\"\/>\n\n\n\n<h4 class=\"has-text-align-left wp-block-heading\"><strong>A qui s\u2019adresse-t-il&nbsp;?<\/strong><\/h4>\n\n\n\n<pre class=\"wp-block-verse has-text-align-left has-normal-font-size\">Aux \u00e9l\u00e8ves, \u00e9tudiants, jeunes dipl\u00f4m\u00e9s, professionnels, \u2026<\/pre>\n\n\n\n<hr class=\"wp-block-separator has-css-opacity\"\/>\n\n\n\n<h4 class=\"has-text-align-left wp-block-heading\"><strong>Nos formules&nbsp;<\/strong><\/h4>\n\n\n\n<pre class=\"wp-block-verse has-text-align-left has-normal-font-size\">R\u00e9daction d\u2019un CV\nTraduction d\u2019un CV vers une autre langue\nR\u00e9daction d\u2019une lettre de motivation\nCorrection linguistique d\u2019une lettre de motivation\nTraduction d\u2019une lettre de motivation vers une autre langue\n\n\n<\/pre>\n\n\n\n<hr class=\"wp-block-separator has-css-opacity\"\/>\n\n\n\n<h4 class=\"has-text-align-left wp-block-heading\"><strong>Pourquoi choisir notre \u00e9quipe ?<\/strong><\/h4>\n\n\n\n<pre class=\"wp-block-verse has-text-align-left has-normal-font-size\">1.\tPour \u00e9viter tout pi\u00e8ge de r\u00e9daction\n2.\tPour  la qualit\u00e9 de nos services\n3.\tPour commander des CV en trois langues \n4.\tPour b\u00e9n\u00e9ficier de nos prix comp\u00e9titifs\n<\/pre>\n\n\n\n<hr class=\"wp-block-separator has-css-opacity\"\/>\n\n\n\n<h4 class=\"has-text-align-left wp-block-heading\"><strong><em>Informations important<\/em><\/strong><em><strong>es !<\/strong><\/em><\/h4>\n\n\n\n<pre class=\"wp-block-verse has-text-align-left has-normal-font-size\">1.\tNotre \u00e9quipe  peut \u00e9galement assurer la r\u00e9vision et la correction de tout document \u00e9crit, quel que soit son type ou sa longueur, en fran\u00e7ais, anglais ou en arabe. \n\n2.\tUne traduction asserment\u00e9e vers les langues europ\u00e9ennes et asiatiques de tout type de document peut \u00eatre assur\u00e9e. \n<\/pre>\n","protected":false},"excerpt":{"rendered":"<p>Qu\u2019est-ce que le service &nbsp;Dossier de Candidature pour Entretien d\u2019Embauche&nbsp;? Le dossier de candidature est l\u2019ensemble des documents que devrait pr\u00e9senter tout candidat d\u00e9sirant int\u00e9grer un nouvel \u00e9tablissement acad\u00e9mique ou professionnel. Ses deux composantes cl\u00e9s sont le CV et la lettre de motivation. Ces deux derniers devraient recevoir un soin particulier afin de capter l\u2019attention [&hellip;]<\/p>\n","protected":false},"author":1,"featured_media":289,"parent":0,"menu_order":0,"comment_status":"closed","ping_status":"closed","template":"","meta":{"_monsterinsights_skip_tracking":false,"_monsterinsights_sitenote_active":false,"_monsterinsights_sitenote_note":"","_monsterinsights_sitenote_category":0,"footnotes":""},"class_list":["post-285","page","type-page","status-publish","has-post-thumbnail","hentry"],"aioseo_notices":[],"_links":{"self":[{"href":"https:\/\/metieravenir.co\/fr\/wp-json\/wp\/v2\/pages\/285","targetHints":{"allow":["GET"]}}],"collection":[{"href":"https:\/\/metieravenir.co\/fr\/wp-json\/wp\/v2\/pages"}],"about":[{"href":"https:\/\/metieravenir.co\/fr\/wp-json\/wp\/v2\/types\/page"}],"author":[{"embeddable":true,"href":"https:\/\/metieravenir.co\/fr\/wp-json\/wp\/v2\/users\/1"}],"replies":[{"embeddable":true,"href":"https:\/\/metieravenir.co\/fr\/wp-json\/wp\/v2\/comments?post=285"}],"version-history":[{"count":29,"href":"https:\/\/metieravenir.co\/fr\/wp-json\/wp\/v2\/pages\/285\/revisions"}],"predecessor-version":[{"id":1029,"href":"https:\/\/metieravenir.co\/fr\/wp-json\/wp\/v2\/pages\/285\/revisions\/1029"}],"wp:featuredmedia":[{"embeddable":true,"href":"https:\/\/metieravenir.co\/fr\/wp-json\/wp\/v2\/media\/289"}],"wp:attachment":[{"href":"https:\/\/metieravenir.co\/fr\/wp-json\/wp\/v2\/media?parent=285"}],"curies":[{"name":"wp","href":"https:\/\/api.w.org\/{rel}","templated":true}]}}