{"id":380,"date":"2021-09-23T19:24:56","date_gmt":"2021-09-23T19:24:56","guid":{"rendered":"http:\/\/metieravenir.co\/fr\/?page_id=380"},"modified":"2022-10-18T06:57:21","modified_gmt":"2022-10-18T06:57:21","slug":"correction-linguistique-et-traduction","status":"publish","type":"page","link":"https:\/\/metieravenir.co\/fr\/correction-linguistique-et-traduction\/","title":{"rendered":"Correction Linguistique et Traduction"},"content":{"rendered":"\n<h4 class=\"has-text-align-left has-colibri-color-6-color has-text-color wp-block-heading\"><strong><strong>Qu\u2019est-ce que le &nbsp;service <em>Correction Linguistique et Traduction<\/em> ?<\/strong><\/strong><\/h4>\n\n\n\n<pre class=\"wp-block-verse has-text-align-left has-normal-font-size\">Le service de Traduction est un service qui regroupe des traducteurs freelance exp\u00e9riment\u00e9s et familiaris\u00e9s avec l\u2019utilisation des logiciels de traduction TAO. \nVous avez : \n-\tUn document g\u00e9n\u00e9ral \n-\tUn document sp\u00e9cifique \n-\tUn document officiel \u00e0 traduire, \u00e0 corriger?\n\nDemandez l\u2019aide de nos traducteurs ! \nDot\u00e9s d\u2019un fort bagage linguistique et d\u2019un haut savoir-faire, ils vous aideront \u00e0  retranscrire vos textes depuis la langue d\u2019origine vers la langue cible avec le plus de fid\u00e9lit\u00e9 et d\u2019exactitude possibles. \n<\/pre>\n\n\n\n<hr class=\"wp-block-separator has-css-opacity\"\/>\n\n\n\n<h4 class=\"has-text-align-left wp-block-heading\"><strong>A qui s\u2019adresse-t-il&nbsp;?<\/strong><\/h4>\n\n\n\n<pre class=\"wp-block-verse has-text-align-left has-normal-font-size\">Aux \u00e9l\u00e8ves, \u00e9tudiants, auteurs, professionnels, adultes, \u2026<\/pre>\n\n\n\n<hr class=\"wp-block-separator has-css-opacity\"\/>\n\n\n\n<h4 class=\"has-text-align-left wp-block-heading\"><strong><strong>Nos formules<\/strong><\/strong><\/h4>\n\n\n\n<h5 class=\"has-text-align-left wp-block-heading\"><strong><strong>Traduction&nbsp;<\/strong><\/strong><\/h5>\n\n\n\n<pre class=\"wp-block-verse has-text-align-left has-normal-font-size\">\u2022\tDocument g\u00e9n\u00e9ral\n-\tTraduction de et vers le fran\u00e7ais, l\u2019arabe, l\u2019anglais\n-\tTraduction de et vers les langues europ\u00e9ennes, asiatiques et autres. \n\u2022\tDocument technique ou sp\u00e9cialis\u00e9\n-\tTraduction de et vers le fran\u00e7ais, l\u2019arabe, l\u2019anglais\n-\tTraduction de et vers les langues europ\u00e9ennes, asiatiques et autres\n\n\n<\/pre>\n\n\n\n<h5 class=\"has-text-align-left wp-block-heading\"><strong><strong>Correction&nbsp;linguistique<\/strong><\/strong><\/h5>\n\n\n\n<pre class=\"wp-block-verse has-text-align-left has-normal-font-size\">\u2022\tDocument g\u00e9n\u00e9ral \n\u2022\tDocument technique et sp\u00e9cialis\u00e9 \n\n<\/pre>\n\n\n\n<h5 class=\"has-text-align-left wp-block-heading\"><strong><strong>Correction linguistique et reformulation&nbsp;<\/strong><\/strong><\/h5>\n\n\n\n<pre class=\"wp-block-verse has-text-align-left has-normal-font-size\">\u2022\tDocument g\u00e9n\u00e9ral \n\u2022\tDocument technique et sp\u00e9cialis\u00e9  \n\n<\/pre>\n\n\n\n<hr class=\"wp-block-separator has-css-opacity\"\/>\n\n\n\n<h4 class=\"wp-block-heading\"><strong>Pourquoi choisir notre \u00e9quipe&nbsp;?<\/strong><\/h4>\n\n\n\n<pre class=\"wp-block-verse has-text-align-left has-normal-font-size\">1.\tPour la qualit\u00e9 de nos services\n2.\tPour b\u00e9n\u00e9ficier de nos prix comp\u00e9titifs\n3.\tPour \u00eatre s\u00fbr d\u2019\u00eatre servi par des traducteurs professionnels\n4.\tPour nos prix comp\u00e9titifs\n\n\n<\/pre>\n","protected":false},"excerpt":{"rendered":"<p>Qu\u2019est-ce que le &nbsp;service Correction Linguistique et Traduction ? Le service de Traduction est un service qui regroupe des traducteurs freelance exp\u00e9riment\u00e9s et familiaris\u00e9s avec l\u2019utilisation des logiciels de traduction TAO. Vous avez : &#8211; Un document g\u00e9n\u00e9ral &#8211; Un document sp\u00e9cifique &#8211; Un document officiel \u00e0 traduire, \u00e0 corriger? Demandez l\u2019aide de nos traducteurs [&hellip;]<\/p>\n","protected":false},"author":1,"featured_media":480,"parent":0,"menu_order":0,"comment_status":"closed","ping_status":"closed","template":"","meta":{"_monsterinsights_skip_tracking":false,"_monsterinsights_sitenote_active":false,"_monsterinsights_sitenote_note":"","_monsterinsights_sitenote_category":0,"footnotes":""},"class_list":["post-380","page","type-page","status-publish","has-post-thumbnail","hentry"],"aioseo_notices":[],"_links":{"self":[{"href":"https:\/\/metieravenir.co\/fr\/wp-json\/wp\/v2\/pages\/380","targetHints":{"allow":["GET"]}}],"collection":[{"href":"https:\/\/metieravenir.co\/fr\/wp-json\/wp\/v2\/pages"}],"about":[{"href":"https:\/\/metieravenir.co\/fr\/wp-json\/wp\/v2\/types\/page"}],"author":[{"embeddable":true,"href":"https:\/\/metieravenir.co\/fr\/wp-json\/wp\/v2\/users\/1"}],"replies":[{"embeddable":true,"href":"https:\/\/metieravenir.co\/fr\/wp-json\/wp\/v2\/comments?post=380"}],"version-history":[{"count":19,"href":"https:\/\/metieravenir.co\/fr\/wp-json\/wp\/v2\/pages\/380\/revisions"}],"predecessor-version":[{"id":1031,"href":"https:\/\/metieravenir.co\/fr\/wp-json\/wp\/v2\/pages\/380\/revisions\/1031"}],"wp:featuredmedia":[{"embeddable":true,"href":"https:\/\/metieravenir.co\/fr\/wp-json\/wp\/v2\/media\/480"}],"wp:attachment":[{"href":"https:\/\/metieravenir.co\/fr\/wp-json\/wp\/v2\/media?parent=380"}],"curies":[{"name":"wp","href":"https:\/\/api.w.org\/{rel}","templated":true}]}}