{"id":496,"date":"2021-10-11T09:37:44","date_gmt":"2021-10-11T09:37:44","guid":{"rendered":"https:\/\/metieravenir.co\/fr\/?page_id=496"},"modified":"2022-10-18T06:38:24","modified_gmt":"2022-10-18T06:38:24","slug":"competences-langagieres","status":"publish","type":"page","link":"https:\/\/metieravenir.co\/fr\/competences-langagieres\/","title":{"rendered":"Comp\u00e9tences Langagi\u00e8res"},"content":{"rendered":"\n<h4 class=\"has-text-align-left has-colibri-color-6-color has-text-color wp-block-heading\"><strong><strong>Qu\u2019est-ce que le <strong>service <em>Comp\u00e9tences langagi\u00e8res<\/em><\/strong> <em>?<\/em><\/strong><\/strong><\/h4>\n\n\n\n<pre class=\"wp-block-verse has-text-align-left has-normal-font-size\">Le service <strong><em>Comp\u00e9tences Langagi\u00e8res<\/em><\/strong> est un cours de langue en ligne qui permet aux candidats d\u2019acqu\u00e9rir les comp\u00e9tences discursives, textuelles et linguistiques n\u00e9cessaires afin de s\u2019exprimer librement et correctement dans la langue de leur choix : arabe, fran\u00e7ais ou anglais. \nC\u2019est un cours sur mesure dont le contenu peut varier en fonction des besoins de chaque candidat. \nCe cours peut s\u2019articuler autour de trois niveaux diff\u00e9rents : d\u00e9butant, interm\u00e9diaire ou avanc\u00e9. \n<\/pre>\n\n\n\n<hr class=\"wp-block-separator has-css-opacity\"\/>\n\n\n\n<h4 class=\"has-text-align-left wp-block-heading\"><strong>A qui s\u2019adresse-t-il&nbsp;?<\/strong><\/h4>\n\n\n\n<pre class=\"wp-block-verse has-text-align-left has-normal-font-size\">Aux \u00e9l\u00e8ves, \u00e9tudiants, jeunes dipl\u00f4m\u00e9s, professionnels, adultes, \u2026<\/pre>\n\n\n\n<hr class=\"wp-block-separator has-css-opacity\"\/>\n\n\n\n<h4 class=\"has-text-align-left wp-block-heading\"><strong><strong>Nos formules<\/strong><\/strong><\/h4>\n\n\n\n<h5 class=\"has-text-align-left wp-block-heading\"><strong><strong><strong>Formule standard<\/strong><\/strong><\/strong><\/h5>\n\n\n\n<pre class=\"wp-block-verse has-text-align-left has-normal-font-size\">\u2022  Cette formule correspond \u00e0 des groupes pouvant aller de 2 \u00e0 6 personnes. \nDur\u00e9e : Jusqu\u2019\u00e0 16 s\u00e9ances par niveau  \n<\/pre>\n\n\n<div class=\"wp-block-image\">\n<figure class=\"aligncenter size-medium is-resized\"><img loading=\"lazy\" decoding=\"async\" src=\"https:\/\/metieravenir.co\/fr\/wp-content\/uploads\/2021\/10\/seperator_blue-300x120.png\" alt=\"\" class=\"wp-image-796\" width=\"200\" height=\"67\"\/><\/figure>\n<\/div>\n\n\n<h5 class=\"has-text-align-left wp-block-heading\"><strong><strong><strong>Formule premium&nbsp;<\/strong><\/strong><\/strong><\/h5>\n\n\n\n<pre class=\"wp-block-verse has-text-align-left has-normal-font-size\">\u2022  Cette formule correspond \u00e0 des candidats souhaitant b\u00e9n\u00e9ficier de tous les avantages d\u2019un cours particulier. \nDur\u00e9e : Jusqu\u2019\u00e0 16 s\u00e9ances par niveau\n<\/pre>\n\n\n\n<hr class=\"wp-block-separator has-css-opacity\"\/>\n\n\n\n<h4 class=\"has-text-align-left wp-block-heading\"><strong>Pourquoi choisir notre \u00e9quipe&nbsp;?<\/strong><\/h4>\n\n\n\n<pre class=\"wp-block-verse has-text-align-left has-normal-font-size\">1.\tPour \u00eatre s\u00fbr d\u2019\u00eatre servi par des professionnels\n2.\tPour un accompagnement s\u00fbr et priv\u00e9\n3.\tPour nos prix comp\u00e9titifs\n\n<\/pre>\n","protected":false},"excerpt":{"rendered":"<p>Qu\u2019est-ce que le service Comp\u00e9tences langagi\u00e8res ? Le service Comp\u00e9tences Langagi\u00e8res est un cours de langue en ligne qui permet aux candidats d\u2019acqu\u00e9rir les comp\u00e9tences discursives, textuelles et linguistiques n\u00e9cessaires afin de s\u2019exprimer librement et correctement dans la langue de leur choix : arabe, fran\u00e7ais ou anglais. C\u2019est un cours sur mesure dont le contenu [&hellip;]<\/p>\n","protected":false},"author":1,"featured_media":505,"parent":0,"menu_order":0,"comment_status":"closed","ping_status":"closed","template":"","meta":{"_monsterinsights_skip_tracking":false,"_monsterinsights_sitenote_active":false,"_monsterinsights_sitenote_note":"","_monsterinsights_sitenote_category":0,"footnotes":""},"class_list":["post-496","page","type-page","status-publish","has-post-thumbnail","hentry"],"aioseo_notices":[],"_links":{"self":[{"href":"https:\/\/metieravenir.co\/fr\/wp-json\/wp\/v2\/pages\/496","targetHints":{"allow":["GET"]}}],"collection":[{"href":"https:\/\/metieravenir.co\/fr\/wp-json\/wp\/v2\/pages"}],"about":[{"href":"https:\/\/metieravenir.co\/fr\/wp-json\/wp\/v2\/types\/page"}],"author":[{"embeddable":true,"href":"https:\/\/metieravenir.co\/fr\/wp-json\/wp\/v2\/users\/1"}],"replies":[{"embeddable":true,"href":"https:\/\/metieravenir.co\/fr\/wp-json\/wp\/v2\/comments?post=496"}],"version-history":[{"count":15,"href":"https:\/\/metieravenir.co\/fr\/wp-json\/wp\/v2\/pages\/496\/revisions"}],"predecessor-version":[{"id":1022,"href":"https:\/\/metieravenir.co\/fr\/wp-json\/wp\/v2\/pages\/496\/revisions\/1022"}],"wp:featuredmedia":[{"embeddable":true,"href":"https:\/\/metieravenir.co\/fr\/wp-json\/wp\/v2\/media\/505"}],"wp:attachment":[{"href":"https:\/\/metieravenir.co\/fr\/wp-json\/wp\/v2\/media?parent=496"}],"curies":[{"name":"wp","href":"https:\/\/api.w.org\/{rel}","templated":true}]}}