{"id":558,"date":"2021-10-25T17:11:42","date_gmt":"2021-10-25T17:11:42","guid":{"rendered":"https:\/\/metieravenir.co\/fr\/?page_id=558"},"modified":"2022-10-18T06:42:43","modified_gmt":"2022-10-18T06:42:43","slug":"service-daide-a-la-redaction-de-texte-et-a-la-recherche","status":"publish","type":"page","link":"https:\/\/metieravenir.co\/fr\/service-daide-a-la-redaction-de-texte-et-a-la-recherche\/","title":{"rendered":"Service d\u2019Aide \u00e0 la R\u00e9daction de Texte et \u00e0 la Recherche"},"content":{"rendered":"\n<h4 class=\"has-text-align-left has-colibri-color-6-color has-text-color wp-block-heading\"><strong><strong><strong><strong>Qu\u2019est-ce que le<\/strong><\/strong><\/strong><\/strong> <strong><strong><strong>service<em> d\u2019aide \u00e0&nbsp;la r\u00e9daction de texte<\/em> ? &nbsp;<\/strong><\/strong><\/strong><\/h4>\n\n\n\n<pre class=\"wp-block-verse has-text-align-left has-normal-font-size\">Le service d\u2019<strong><em>Aide \u00e0 la R\u00e9daction de Texte<\/em><\/strong>  est un service qui aide toute personne souhaitant :\n\n-\ttrouver des documents pertinents et cr\u00e9dibles\n-\ttravailler le r\u00e9f\u00e9rencement (citation dans le texte, liste de r\u00e9f\u00e9renc\u00e9s)\n-\tcr\u00e9er une bibliographie \n-\tcr\u00e9er une webographie \n-\teffectuer  la mise en page\n-\tcorriger les erreurs linguistiques\n-\tsaisir le document\n<\/pre>\n\n\n\n<hr class=\"wp-block-separator has-css-opacity\"\/>\n\n\n\n<h4 class=\"has-text-align-left wp-block-heading\"><strong>A qui s\u2019adresse-t-il&nbsp;?<\/strong><\/h4>\n\n\n\n<pre class=\"wp-block-verse has-text-align-left has-normal-font-size\">Aux auteurs et \u00e0 toute personne int\u00e9ress\u00e9e. <\/pre>\n\n\n\n<hr class=\"wp-block-separator has-css-opacity is-style-default\"\/>\n\n\n\n<h4 class=\"has-text-align-left wp-block-heading\"><strong>Pourquoi choisir notre \u00e9quipe&nbsp;?<\/strong><\/h4>\n\n\n\n<pre class=\"wp-block-verse has-text-align-left has-normal-font-size\">1.\tPour  la qualit\u00e9 de nos services\n2.\tPour b\u00e9n\u00e9ficier de nos prix comp\u00e9titifs\n<\/pre>\n\n\n\n<hr class=\"wp-block-separator has-css-opacity\"\/>\n\n\n\n<h4 class=\"has-text-align-left wp-block-heading\"><strong><em>Informations importantes !&nbsp;<\/em><\/strong><\/h4>\n\n\n\n<pre class=\"wp-block-verse has-text-align-left has-normal-font-size\">1.\tL\u2019aide apport\u00e9e par notre \u00e9quipe est exclusivement d\u2019ordre technique. Aucun apport sur le plan de l\u2019agencement et de l\u2019\u00e9laboration des id\u00e9es ne peut \u00eatre assur\u00e9. L\u2019int\u00e9ress\u00e9 est tenu de r\u00e9diger lui-m\u00eame son plan ainsi que son document.\n\n2.\tUne traduction asserment\u00e9e vers les langues europ\u00e9ennes et asiatiques de tout type de document peut \u00eatre assur\u00e9e.\n<\/pre>\n\n\n\n<hr class=\"wp-block-separator has-css-opacity\"\/>\n","protected":false},"excerpt":{"rendered":"<p>Qu\u2019est-ce que le service d\u2019aide \u00e0&nbsp;la r\u00e9daction de texte ? &nbsp; Le service d\u2019Aide \u00e0 la R\u00e9daction de Texte est un service qui aide toute personne souhaitant : &#8211; trouver des documents pertinents et cr\u00e9dibles &#8211; travailler le r\u00e9f\u00e9rencement (citation dans le texte, liste de r\u00e9f\u00e9renc\u00e9s) &#8211; cr\u00e9er une bibliographie &#8211; cr\u00e9er une webographie &#8211; [&hellip;]<\/p>\n","protected":false},"author":1,"featured_media":480,"parent":0,"menu_order":0,"comment_status":"closed","ping_status":"closed","template":"","meta":{"_monsterinsights_skip_tracking":false,"_monsterinsights_sitenote_active":false,"_monsterinsights_sitenote_note":"","_monsterinsights_sitenote_category":0,"footnotes":""},"class_list":["post-558","page","type-page","status-publish","has-post-thumbnail","hentry"],"aioseo_notices":[],"_links":{"self":[{"href":"https:\/\/metieravenir.co\/fr\/wp-json\/wp\/v2\/pages\/558","targetHints":{"allow":["GET"]}}],"collection":[{"href":"https:\/\/metieravenir.co\/fr\/wp-json\/wp\/v2\/pages"}],"about":[{"href":"https:\/\/metieravenir.co\/fr\/wp-json\/wp\/v2\/types\/page"}],"author":[{"embeddable":true,"href":"https:\/\/metieravenir.co\/fr\/wp-json\/wp\/v2\/users\/1"}],"replies":[{"embeddable":true,"href":"https:\/\/metieravenir.co\/fr\/wp-json\/wp\/v2\/comments?post=558"}],"version-history":[{"count":16,"href":"https:\/\/metieravenir.co\/fr\/wp-json\/wp\/v2\/pages\/558\/revisions"}],"predecessor-version":[{"id":1026,"href":"https:\/\/metieravenir.co\/fr\/wp-json\/wp\/v2\/pages\/558\/revisions\/1026"}],"wp:featuredmedia":[{"embeddable":true,"href":"https:\/\/metieravenir.co\/fr\/wp-json\/wp\/v2\/media\/480"}],"wp:attachment":[{"href":"https:\/\/metieravenir.co\/fr\/wp-json\/wp\/v2\/media?parent=558"}],"curies":[{"name":"wp","href":"https:\/\/api.w.org\/{rel}","templated":true}]}}