{"id":593,"date":"2021-10-28T17:31:09","date_gmt":"2021-10-28T17:31:09","guid":{"rendered":"https:\/\/metieravenir.co\/fr\/?page_id=593"},"modified":"2022-10-18T06:44:10","modified_gmt":"2022-10-18T06:44:10","slug":"programme-dorientation-professionnelle","status":"publish","type":"page","link":"https:\/\/metieravenir.co\/fr\/programme-dorientation-professionnelle\/","title":{"rendered":"Programme d\u2019Orientation Professionnelle"},"content":{"rendered":"\n<h4 class=\"has-text-align-left has-colibri-color-6-color has-text-color wp-block-heading\"><strong><strong><strong><strong>Qu\u2019est-ce que le<\/strong>&nbsp;<em>Programme d&#8217;Orientation Professionnelle ?<\/em> &nbsp;<\/strong><\/strong><\/strong><\/h4>\n\n\n\n<pre class=\"wp-block-verse has-text-align-left has-normal-font-size\">Le <strong><em>Programme d\u2019Orientation Professionnelle<\/em><\/strong>  est un programme d\u2019accompagnement \u00e0 distance d\u00e9di\u00e9 \u00e0 toute personne \u00e0 la recherche d\u2019une voie ou d\u2019une reconversion professionnelle dans laquelle elle pourrait s\u2019affirmer et s\u2019\u00e9panouir. \n<\/pre>\n\n\n\n<hr class=\"wp-block-separator has-css-opacity\"\/>\n\n\n\n<p><\/p>\n\n\n\n<h4 class=\"has-text-align-left wp-block-heading\"><strong>A qui s\u2019adresse-t-il&nbsp;?<\/strong><\/h4>\n\n\n\n<pre class=\"wp-block-verse has-text-align-left has-normal-font-size\">Aux \u00e9l\u00e8ves des classes secondaires, aux \u00e9tudiants universitaires  et aux adultes.\n<\/pre>\n\n\n\n<hr class=\"wp-block-separator has-css-opacity\"\/>\n\n\n\n<p><\/p>\n\n\n\n<h4 class=\"has-text-align-left wp-block-heading\"><strong><strong>Nos formules<\/strong><\/strong><\/h4>\n\n\n\n<pre class=\"wp-block-verse has-text-align-left has-normal-font-size\"><strong>Formule 1 <\/strong>: <em>Pr\u00e9paration au monde professionnel <\/em>\nLa pr\u00e9paration au monde professionnel est un service d\u2019accompagnement de groupe destin\u00e9 \u00e0 orienter et \u00e0 guider les participants dans leur voie professionnelle. Ce service est constitu\u00e9 de 5 modules dont les objectifs se r\u00e9sument comme suit : \n\n<strong>Module 1 : <\/strong>Informations relatives au  march\u00e9 du travail  \n<strong>Objectifs : <\/strong>S\u2019informer sur : \n1.\tLes domaines \/ secteurs \/ m\u00e9tiers \/ professions  \u00e0 d\u00e9bouch\u00e9s\n2.\tLa formation et \/ ou l\u2019exp\u00e9rience requises pour exercer un m\u00e9tier ou une profession\n3.\tLes comp\u00e9tences et aptitudes requises pour exercice un m\u00e9tier ou une profession \n4.\tLes salaires g\u00e9n\u00e9ralement re\u00e7us dans un m\u00e9tier ou une profession\n5.\tLes conditions de travail relatives \u00e0 un m\u00e9tier ou une profession \n6.\tLes avantages assur\u00e9s par un m\u00e9tier ou une profession \n7.\tLes probabilit\u00e9s de trouver un emploi dans un m\u00e9tier ou une profession\n8.\tLes emplois offerts actuellement dans diff\u00e9rents pays au monde\n9.\tLes entreprises qui recrutent \n\n<strong>Module 2 : <\/strong>Informations relatives aux universit\u00e9s \n<strong>Objectifs : <\/strong>S\u2019informer sur : \n1.\tLes formations : Contenu et dur\u00e9e\/ Les programmes \n2.\tLes conditions d\u2019admission\n\n<strong>Module 3 : <\/strong>M\u00e9tiers et personnalit\u00e9 : se d\u00e9couvrir pour mieux choisir  \n<strong>Objectifs : <\/strong>\n1.\tD\u00e9couvrir son profil : traits de caract\u00e8res, qualit\u00e9s et d\u00e9fauts\n2.\tSavoir d\u00e9terminer ses passions et ses ambitions\n3.\tSavoir mesurer son potentiel et ses capacit\u00e9s\n4.\tD\u00e9couvrir les domaines dans lesquels on peut r\u00e9ussir et s\u2019\u00e9panouir\n5.\tChoisir sa carri\u00e8re du futur\n\n<strong>Module 4 :<\/strong> Pr\u00e9paration \u00e0 l\u2019entretien universitaire \n<strong>Objectifs : <\/strong>\n1. Apprendre les diff\u00e9rents types d'entretiens universitaires\n2. Apprendre \u00e0 se pr\u00e9senter et \u00e0 mettre en valeur sa personnalit\u00e9\n3. Apprendre \u00e0 planifier et pr\u00e9parer les questions \u00e0 poser \u00e0 l'interviewer\n4. Apprendre \u00e0 se comporter sous pression et \u00e0 adopter le bon langage corporel\n5. Apprendre \u00e0 justifier ses choix et \u00e0 exprimer ses motivations\n6. Apprendre \u00e0 structurer sa pens\u00e9e\n7. Apprendre \u00e0 pr\u00e9senter son projet universitaire\n8. Apprendre \u00e0 \u00e9viter les questions pi\u00e8ges \n9. Apprendre \u00e0 interagir, convaincre et impressionner \n\n<strong>Module 5 : <\/strong>Pr\u00e9paration \u00e0 l\u2019entretien d\u2019embauche \n<strong>Objectifs : <\/strong>\n1.\tApprendre \u00e0 se pr\u00e9senter et \u00e0 mettre en valeur sa personnalit\u00e9\n2.\tSavoir renvoyer une image de soi professionnelle\n3.\tApprendre \u00e0 mettre en valeur sa formation et son exp\u00e9rience\n4.\tApprendre \u00e0 justifier ses choix et \u00e0 exprimer ses motivations\n5.\tApprendre \u00e0 r\u00e9pondre aux questions de mani\u00e8re pr\u00e9cise\n6.\tApprendre \u00e0 \u00e9viter les questions pi\u00e8ges\n7.\tApprendre \u00e0 interagir, convaincre et impressionner son interlocuteur\n\n\n<strong>Dur\u00e9e :<\/strong> jusqu\u2019\u00e0  4 s\u00e9ances de 60 minutes chacune\n\n<\/pre>\n\n\n<div class=\"wp-block-image is-style-default\">\n<figure class=\"aligncenter size-medium\"><img loading=\"lazy\" decoding=\"async\" width=\"300\" height=\"120\" src=\"https:\/\/metieravenir.co\/fr\/wp-content\/uploads\/2021\/10\/seperator_blue-300x120.png\" alt=\"\" class=\"wp-image-796\" srcset=\"https:\/\/metieravenir.co\/fr\/wp-content\/uploads\/2021\/10\/seperator_blue-300x120.png 300w, https:\/\/metieravenir.co\/fr\/wp-content\/uploads\/2021\/10\/seperator_blue.png 500w\" sizes=\"auto, (max-width: 300px) 100vw, 300px\" \/><\/figure>\n<\/div>\n\n\n<pre class=\"wp-block-verse has-text-align-left has-normal-font-size\"><strong>Formule 2 <\/strong>: <em>Mentoring  <\/em>\nLe mentoring est un service d\u2019accompagnement de groupe destin\u00e9 \u00e0 orienter et \u00e0 guider les participants dans le d\u00e9veloppement de leur profil professionnel. Ce service est constitu\u00e9 de 3 modules dont les objectifs se r\u00e9sument comme suit : \n\n<strong>Module 1 : <\/strong>Styles de communication  \n<strong>Objectifs : <\/strong> \n1.\tConna\u00eetre et d\u00e9couvrir son propre  style de communication\n2.\tSavoir rep\u00e9rer le style de communication de son interlocuteur \n3.\tApprendre les comp\u00e9tences n\u00e9cessaires afin d\u2019optimiser son impact en communication\n4.\tG\u00e9rer les diff\u00e9rentes situations de communication pour des \u00e9changes b\u00e9n\u00e9fiques \n5.\tApprendre les diff\u00e9rents mots cl\u00e9s pour s\u00e9duire ses interlocuteurs \n6.\tApprendre la communication non-verbale \u00e0 travers les gestes appropri\u00e9s pour savoir mieux influencer\n7.\tSavoir s\u2019exprimer devant un groupe \n8.\tSavoir pr\u00e9senter un projet \u00e0 une \u00e9quipe  \n\n<strong>Module 2 : <\/strong>Image de soi et business \u00e9tiquette\n<strong>Objectifs : <\/strong>\n1.\tApprendre les bons gestes pour \u00e9viter les faux pas professionnels\n2.\tSavoir se distinguer par l\u2019\u00e9locution\n3.\tApprendre les mots qui valorisent l\u2019image de soi\n4.\tSavoir optimiser son image \u00e0 travers la communication corporelle \n5.\tDonner une belle image de soi \u00e0 travers le contact visuel\n6.\tInspirer confiance et cr\u00e9dibilit\u00e9 \u00e0 travers des r\u00e8gles d\u2019\u00e9tiquette professionnelle \n7.\tSe faire une belle r\u00e9putation sociale et professionnelle \u00e0 travers les r\u00e9seaux sociaux\n\n<strong>Module 3 : <\/strong>Gestion du stress et de l'\u00e9nergie\n<strong>Objectifs : <\/strong>\n1.\tApprendre \u00e0 g\u00e9rer son temps\n2.     Apprendre \u00e0 g\u00e9rer son \u00e9nergie personnelle\n3.\tApprendre des strat\u00e9gies et des techniques pour  faire face au stress : la mindfulness ou pleine conscience, l\u2019affirmation de soi, l\u2019auto-compassion, la restructuration cognitive, la relaxation\n4.      Optimiser son niveau \u00e9motionnel : savoir d\u00e9velopper en soi la compassion, l\u2019empathie, la r\u00e9silience, l\u2019optimisme, la gratitude, l\u2019\u00e9merveillement, etc.\n5.\tR\u00e9duire la s\u00e9v\u00e9rit\u00e9 des manifestations de stress en r\u00e9duisant ses sympt\u00f4mes physiques et  psychologiques  \n\n<strong>Dur\u00e9e :<\/strong> jusqu\u2019\u00e0  4 s\u00e9ances de 60 minutes chacune \n \n<\/pre>\n\n\n<div class=\"wp-block-image is-style-default\">\n<figure class=\"aligncenter size-medium\"><img loading=\"lazy\" decoding=\"async\" width=\"300\" height=\"120\" src=\"https:\/\/metieravenir.co\/fr\/wp-content\/uploads\/2021\/10\/seperator_blue-300x120.png\" alt=\"\" class=\"wp-image-796\" srcset=\"https:\/\/metieravenir.co\/fr\/wp-content\/uploads\/2021\/10\/seperator_blue-300x120.png 300w, https:\/\/metieravenir.co\/fr\/wp-content\/uploads\/2021\/10\/seperator_blue.png 500w\" sizes=\"auto, (max-width: 300px) 100vw, 300px\" \/><\/figure>\n<\/div>\n\n\n<pre class=\"wp-block-verse has-text-align-left has-normal-font-size\"><strong>Formule 3 : <\/strong><em>Accompagnement  personnel et individualis\u00e9 <\/em>\nLe service Accompagnement personnel et individualis\u00e9  permet \u00e0 chaque candidat d\u2019explorer sa personnalit\u00e9 afin d\u2019affiner ses choix sur le plan professionnel. \n\nIl a pour objectifs d\u2019aider le candidat \u00e0 :  \n1.\tPrendre conscience de ses points forts\n2.\tPrendre conscience de ses points faibles et les transformer en points forts \n3.\tBooster sa motivation et construire une forte estime de soi\n4.\tR\u00e9fl\u00e9chir \u00e0 ses centres d\u2019int\u00e9r\u00eats et les lier avec les cat\u00e9gories professionnelles les plus proches\n5.\tIdentifier ses types d\u2019intelligence, comp\u00e9tences, et  aptitudes  afin de se d\u00e9marquer dans une cat\u00e9gorie professionnelle pr\u00e9cise\n6.\tApprendre des strat\u00e9gies efficaces pour faire son choix professionnel : d\u00e9couvrir les cat\u00e9gories professionnelles qui correspondent \u00e0 son profil -  r\u00e9fl\u00e9chir aux valeurs principales qui pourraient d\u00e9terminer le choix de sa profession\n7.\tDevenir acteur de sa vie\n8.\tApprendre \u00e0 se r\u00e9inventer face aux nouvelles situations\n\n<strong>Dur\u00e9e : <\/strong>jusqu\u2019\u00e0 10 s\u00e9ances de 60 minutes chacune\n\n<\/pre>\n\n\n\n<hr class=\"wp-block-separator has-css-opacity\"\/>\n\n\n\n<p><\/p>\n\n\n\n<h4 class=\"has-text-align-left wp-block-heading\"><strong>Pourquoi choisir notre \u00e9quipe ?<\/strong><\/h4>\n\n\n\n<pre class=\"wp-block-verse has-text-align-left has-normal-font-size\">1.\tPour&nbsp; la qualit\u00e9 de nos services\n2.\tPour \u00eatre s\u00fbr d\u2019\u00eatre servi par des professionnels\n3.\tPour b\u00e9n\u00e9ficier de nos prix comp\u00e9titifs\n<\/pre>\n","protected":false},"excerpt":{"rendered":"<p>Qu\u2019est-ce que le&nbsp;Programme d&#8217;Orientation Professionnelle ? &nbsp; Le Programme d\u2019Orientation Professionnelle est un programme d\u2019accompagnement \u00e0 distance d\u00e9di\u00e9 \u00e0 toute personne \u00e0 la recherche d\u2019une voie ou d\u2019une reconversion professionnelle dans laquelle elle pourrait s\u2019affirmer et s\u2019\u00e9panouir. A qui s\u2019adresse-t-il&nbsp;? Aux \u00e9l\u00e8ves des classes secondaires, aux \u00e9tudiants universitaires et aux adultes. Nos formules Formule 1 [&hellip;]<\/p>\n","protected":false},"author":1,"featured_media":601,"parent":0,"menu_order":0,"comment_status":"closed","ping_status":"closed","template":"","meta":{"_monsterinsights_skip_tracking":false,"_monsterinsights_sitenote_active":false,"_monsterinsights_sitenote_note":"","_monsterinsights_sitenote_category":0,"footnotes":""},"class_list":["post-593","page","type-page","status-publish","has-post-thumbnail","hentry"],"aioseo_notices":[],"_links":{"self":[{"href":"https:\/\/metieravenir.co\/fr\/wp-json\/wp\/v2\/pages\/593","targetHints":{"allow":["GET"]}}],"collection":[{"href":"https:\/\/metieravenir.co\/fr\/wp-json\/wp\/v2\/pages"}],"about":[{"href":"https:\/\/metieravenir.co\/fr\/wp-json\/wp\/v2\/types\/page"}],"author":[{"embeddable":true,"href":"https:\/\/metieravenir.co\/fr\/wp-json\/wp\/v2\/users\/1"}],"replies":[{"embeddable":true,"href":"https:\/\/metieravenir.co\/fr\/wp-json\/wp\/v2\/comments?post=593"}],"version-history":[{"count":40,"href":"https:\/\/metieravenir.co\/fr\/wp-json\/wp\/v2\/pages\/593\/revisions"}],"predecessor-version":[{"id":1027,"href":"https:\/\/metieravenir.co\/fr\/wp-json\/wp\/v2\/pages\/593\/revisions\/1027"}],"wp:featuredmedia":[{"embeddable":true,"href":"https:\/\/metieravenir.co\/fr\/wp-json\/wp\/v2\/media\/601"}],"wp:attachment":[{"href":"https:\/\/metieravenir.co\/fr\/wp-json\/wp\/v2\/media?parent=593"}],"curies":[{"name":"wp","href":"https:\/\/api.w.org\/{rel}","templated":true}]}}